{"id":149,"date":"2019-10-12T22:06:58","date_gmt":"2019-10-12T20:06:58","guid":{"rendered":"http:\/\/www.spgozd.edu.pl\/?page_id=149"},"modified":"2025-09-29T19:02:43","modified_gmt":"2025-09-29T17:02:43","slug":"samorzad-uczniowski","status":"publish","type":"page","link":"http:\/\/www.spgozd.edu.pl\/index.php\/samorzad-uczniowski\/","title":{"rendered":"Samorz\u0105d uczniowski"},"content":{"rendered":"\t\t<div data-elementor-type=\"wp-page\" data-elementor-id=\"149\" class=\"elementor elementor-149\">\n\t\t\t\t\t\t<section class=\"elementor-section elementor-top-section elementor-element elementor-element-3b2772b elementor-section-boxed elementor-section-height-default elementor-section-height-default\" data-id=\"3b2772b\" data-element_type=\"section\" data-e-type=\"section\">\n\t\t\t\t\t\t<div class=\"elementor-container elementor-column-gap-default\">\n\t\t\t\t\t<div class=\"elementor-column elementor-col-100 elementor-top-column elementor-element elementor-element-e696257\" data-id=\"e696257\" data-element_type=\"column\" data-e-type=\"column\">\n\t\t\t<div class=\"elementor-widget-wrap elementor-element-populated\">\n\t\t\t\t\t\t<div class=\"elementor-element elementor-element-4ac789b elementor-invisible elementor-widget elementor-widget-text-editor\" data-id=\"4ac789b\" data-element_type=\"widget\" data-e-type=\"widget\" data-settings=\"{&quot;_animation&quot;:&quot;fadeInLeft&quot;}\" data-widget_type=\"text-editor.default\">\n\t\t\t\t<div class=\"elementor-widget-container\">\n\t\t\t\t\t\t\t\t\t<h2 style=\"text-align: center;\">Zarz\u0105d Samorz\u0105du Uczniowskiego w roku szkolnym 2024\/2025<\/h2><ul style=\"text-align: center; list-style-type: none;\"><li><strong>Przewodnicz\u0105ca<\/strong><\/li><li>Maria F\u0105fara, kl. VIII<\/li><li><strong>Zast\u0119pca Przewodnicz\u0105cej<\/strong><\/li><li>Wiktor Kalisz, kl. VI<\/li><li><strong>Sekcja kulturalno- redakcyjna<\/strong><\/li><li>Emilia Fr\u0105tczak, kl. V<\/li><li>Alicja Ryczek, kl. IV<\/li><li><strong>Sekcja organizacyjna<\/strong><\/li><li>Adam Piec, kl. V<\/li><li>Wiktor Kalisz, kl. VI<\/li><li>Krystian Bi\u0142ko, kl. V<\/li><li>Alan Zar\u0119ba, kl. VI<\/li><li><strong>Sekcja ds. promocji<\/strong><\/li><li>Maria F\u0105fara, kl. VIII<\/li><li>Emilia Fr\u0105tczak, kl. V<\/li><li><strong>Opiekunowie Samorz\u0105du:<\/strong><\/li><li>Katarzyna Ka\u0142uzi\u0144ska<\/li><li>Joanna Piasta<\/li><\/ul>\t\t\t\t\t\t\t\t<\/div>\n\t\t\t\t<\/div>\n\t\t\t\t\t<\/div>\n\t\t<\/div>\n\t\t\t\t\t<\/div>\n\t\t<\/section>\n\t\t\t\t<\/div>\n\t\t","protected":false},"excerpt":{"rendered":"<p>Zarz\u0105d Samorz\u0105du Uczniowskiego w roku szkolnym 2024\/2025 Przewodnicz\u0105ca Maria F\u0105fara, kl. VIII Zast\u0119pca Przewodnicz\u0105cej Wiktor Kalisz, kl. VI Sekcja kulturalno-<\/p>\n","protected":false},"author":1,"featured_media":0,"parent":0,"menu_order":0,"comment_status":"closed","ping_status":"closed","template":"","meta":{"colormag_page_container_layout":"no_sidebar_full_width","colormag_page_sidebar_layout":"right_sidebar","footnotes":""},"class_list":["post-149","page","type-page","status-publish","hentry"],"_links":{"self":[{"href":"http:\/\/www.spgozd.edu.pl\/index.php\/wp-json\/wp\/v2\/pages\/149","targetHints":{"allow":["GET"]}}],"collection":[{"href":"http:\/\/www.spgozd.edu.pl\/index.php\/wp-json\/wp\/v2\/pages"}],"about":[{"href":"http:\/\/www.spgozd.edu.pl\/index.php\/wp-json\/wp\/v2\/types\/page"}],"author":[{"embeddable":true,"href":"http:\/\/www.spgozd.edu.pl\/index.php\/wp-json\/wp\/v2\/users\/1"}],"replies":[{"embeddable":true,"href":"http:\/\/www.spgozd.edu.pl\/index.php\/wp-json\/wp\/v2\/comments?post=149"}],"version-history":[{"count":30,"href":"http:\/\/www.spgozd.edu.pl\/index.php\/wp-json\/wp\/v2\/pages\/149\/revisions"}],"predecessor-version":[{"id":9701,"href":"http:\/\/www.spgozd.edu.pl\/index.php\/wp-json\/wp\/v2\/pages\/149\/revisions\/9701"}],"wp:attachment":[{"href":"http:\/\/www.spgozd.edu.pl\/index.php\/wp-json\/wp\/v2\/media?parent=149"}],"curies":[{"name":"wp","href":"https:\/\/api.w.org\/{rel}","templated":true}]}}