{"id":151,"date":"2019-10-12T22:07:15","date_gmt":"2019-10-12T20:07:15","guid":{"rendered":"http:\/\/www.spgozd.edu.pl\/?page_id=151"},"modified":"2025-09-24T19:45:04","modified_gmt":"2025-09-24T17:45:04","slug":"rada-rodzicow-szkola","status":"publish","type":"page","link":"http:\/\/www.spgozd.edu.pl\/index.php\/rada-rodzicow-szkola\/","title":{"rendered":"Szko\u0142a &#8211; Rada Rodzic\u00f3w"},"content":{"rendered":"\t\t<div data-elementor-type=\"wp-page\" data-elementor-id=\"151\" class=\"elementor elementor-151\">\n\t\t\t\t\t\t<section class=\"elementor-section elementor-top-section elementor-element elementor-element-1bf8a444 elementor-section-boxed elementor-section-height-default elementor-section-height-default\" data-id=\"1bf8a444\" data-element_type=\"section\" data-e-type=\"section\">\n\t\t\t\t\t\t<div class=\"elementor-container elementor-column-gap-default\">\n\t\t\t\t\t<div class=\"elementor-column elementor-col-100 elementor-top-column elementor-element elementor-element-6afaf59\" data-id=\"6afaf59\" data-element_type=\"column\" data-e-type=\"column\">\n\t\t\t<div class=\"elementor-widget-wrap elementor-element-populated\">\n\t\t\t\t\t\t<div class=\"elementor-element elementor-element-443b6c78 elementor-invisible elementor-widget elementor-widget-text-editor\" data-id=\"443b6c78\" data-element_type=\"widget\" data-e-type=\"widget\" data-settings=\"{&quot;_animation&quot;:&quot;fadeInLeft&quot;}\" data-widget_type=\"text-editor.default\">\n\t\t\t\t<div class=\"elementor-widget-container\">\n\t\t\t\t\t\t\t\t\t<h2 style=\"text-align: center;\">Rada Rodzic\u00f3w<\/h2>\n<ul style=\"text-align: center; list-style-type: none;\">\n        <li>Ma\u0142gorzata \u0141ukasik<\/li>\n        <li>Paulina Redlica<\/li>\n \t<li>Aneta Wi\u015bniewska<\/li>\n \t<li>Piotr Cedzy\u0144ski<\/li>\n \t<li>Magdalena Fr\u0105tczak<\/li>\n \t<li>Anna Kalisz<\/li>\n \t<li>Katarzyna Paj\u0105k<\/li>\n \t<li>Ewelina Laska<\/li>\n<\/ul>\t\t\t\t\t\t\t\t<\/div>\n\t\t\t\t<\/div>\n\t\t\t\t\t<\/div>\n\t\t<\/div>\n\t\t\t\t\t<\/div>\n\t\t<\/section>\n\t\t\t\t<\/div>\n\t\t","protected":false},"excerpt":{"rendered":"<p>Rada Rodzic\u00f3w Ma\u0142gorzata \u0141ukasik Paulina Redlica Aneta Wi\u015bniewska Piotr Cedzy\u0144ski Magdalena Fr\u0105tczak Anna Kalisz Katarzyna Paj\u0105k Ewelina Laska<\/p>\n","protected":false},"author":1,"featured_media":0,"parent":0,"menu_order":0,"comment_status":"closed","ping_status":"closed","template":"","meta":{"colormag_page_container_layout":"no_sidebar_full_width","colormag_page_sidebar_layout":"right_sidebar","footnotes":""},"class_list":["post-151","page","type-page","status-publish","hentry"],"_links":{"self":[{"href":"http:\/\/www.spgozd.edu.pl\/index.php\/wp-json\/wp\/v2\/pages\/151","targetHints":{"allow":["GET"]}}],"collection":[{"href":"http:\/\/www.spgozd.edu.pl\/index.php\/wp-json\/wp\/v2\/pages"}],"about":[{"href":"http:\/\/www.spgozd.edu.pl\/index.php\/wp-json\/wp\/v2\/types\/page"}],"author":[{"embeddable":true,"href":"http:\/\/www.spgozd.edu.pl\/index.php\/wp-json\/wp\/v2\/users\/1"}],"replies":[{"embeddable":true,"href":"http:\/\/www.spgozd.edu.pl\/index.php\/wp-json\/wp\/v2\/comments?post=151"}],"version-history":[{"count":39,"href":"http:\/\/www.spgozd.edu.pl\/index.php\/wp-json\/wp\/v2\/pages\/151\/revisions"}],"predecessor-version":[{"id":9680,"href":"http:\/\/www.spgozd.edu.pl\/index.php\/wp-json\/wp\/v2\/pages\/151\/revisions\/9680"}],"wp:attachment":[{"href":"http:\/\/www.spgozd.edu.pl\/index.php\/wp-json\/wp\/v2\/media?parent=151"}],"curies":[{"name":"wp","href":"https:\/\/api.w.org\/{rel}","templated":true}]}}