{"id":155,"date":"2019-10-12T22:07:49","date_gmt":"2019-10-12T20:07:49","guid":{"rendered":"http:\/\/www.spgozd.edu.pl\/?page_id=155"},"modified":"2025-04-14T21:46:35","modified_gmt":"2025-04-14T19:46:35","slug":"projekt-8-3-3","status":"publish","type":"page","link":"http:\/\/www.spgozd.edu.pl\/index.php\/projekt-8-3-3\/","title":{"rendered":"PROJEKT 8.3.3"},"content":{"rendered":"\t\t<div data-elementor-type=\"wp-page\" data-elementor-id=\"155\" class=\"elementor elementor-155\">\n\t\t\t\t\t\t<section class=\"elementor-section elementor-top-section elementor-element elementor-element-bb28357 elementor-section-boxed elementor-section-height-default elementor-section-height-default\" data-id=\"bb28357\" data-element_type=\"section\" data-e-type=\"section\">\n\t\t\t\t\t\t<div class=\"elementor-container elementor-column-gap-default\">\n\t\t\t\t\t<div class=\"elementor-column elementor-col-100 elementor-top-column elementor-element elementor-element-e6c4f39\" data-id=\"e6c4f39\" data-element_type=\"column\" data-e-type=\"column\">\n\t\t\t<div class=\"elementor-widget-wrap elementor-element-populated\">\n\t\t\t\t\t\t<div class=\"elementor-element elementor-element-ed87880 elementor-invisible elementor-widget elementor-widget-text-editor\" data-id=\"ed87880\" data-element_type=\"widget\" data-e-type=\"widget\" data-settings=\"{&quot;_animation&quot;:&quot;fadeInLeft&quot;}\" data-widget_type=\"text-editor.default\">\n\t\t\t\t<div class=\"elementor-widget-container\">\n\t\t\t\t\t\t\t\t\t<h2 class=\"entry-title\" style=\"text-align: center;\">PROJEKT 8.3.3<\/h2><p style=\"text-align: center;\"><a class=\"green\" href=\"\/wp-content\/uploads\/2019\/11\/1_zarzadzanie_komisja_rekrutacyjna.pdf\" target=\"_blank\" rel=\"noopener\">Zarz\u0105dzenie w sprawie powo\u0142ania Komisji Rekrutacyjnej<\/a><br \/><a class=\"green\" href=\"\/wp-content\/uploads\/2019\/11\/2_zarzadzenie_regulamin_rekrutacji.pdf\" target=\"_blank\" rel=\"noopener\">Zarz\u0105dzenie &#8211; Regulamin Rekrutacji<\/a><br \/><a class=\"green\" href=\"\/wp-content\/uploads\/2019\/11\/3_zarzadzenie_regulamin_projektu.pdf\" target=\"_blank\" rel=\"noopener\">Zarz\u0105dzenie &#8211; Regulamin Projektu<\/a><br \/><a class=\"green\" href=\"\/wp-content\/uploads\/2019\/11\/4_FORMULARZ_NAUCZYCIELE_GOZD.doc\">Formularz zg\u0142oszeniowy nauczyciela<\/a><br \/><a class=\"green\" href=\"\/wp-content\/uploads\/2019\/11\/5_FORMULARZ_UCZNIOWE_GOZD.doc\">Formularz zg\u0142oszeniowy ucznia<\/a><\/p>\t\t\t\t\t\t\t\t<\/div>\n\t\t\t\t<\/div>\n\t\t\t\t\t<\/div>\n\t\t<\/div>\n\t\t\t\t\t<\/div>\n\t\t<\/section>\n\t\t\t\t<\/div>\n\t\t","protected":false},"excerpt":{"rendered":"<p>PROJEKT 8.3.3 Zarz\u0105dzenie w sprawie powo\u0142ania Komisji RekrutacyjnejZarz\u0105dzenie &#8211; Regulamin RekrutacjiZarz\u0105dzenie &#8211; Regulamin ProjektuFormularz zg\u0142oszeniowy nauczycielaFormularz zg\u0142oszeniowy ucznia<\/p>\n","protected":false},"author":1,"featured_media":0,"parent":0,"menu_order":0,"comment_status":"closed","ping_status":"closed","template":"","meta":{"colormag_page_container_layout":"no_sidebar_full_width","colormag_page_sidebar_layout":"right_sidebar","footnotes":""},"class_list":["post-155","page","type-page","status-publish","hentry"],"_links":{"self":[{"href":"http:\/\/www.spgozd.edu.pl\/index.php\/wp-json\/wp\/v2\/pages\/155","targetHints":{"allow":["GET"]}}],"collection":[{"href":"http:\/\/www.spgozd.edu.pl\/index.php\/wp-json\/wp\/v2\/pages"}],"about":[{"href":"http:\/\/www.spgozd.edu.pl\/index.php\/wp-json\/wp\/v2\/types\/page"}],"author":[{"embeddable":true,"href":"http:\/\/www.spgozd.edu.pl\/index.php\/wp-json\/wp\/v2\/users\/1"}],"replies":[{"embeddable":true,"href":"http:\/\/www.spgozd.edu.pl\/index.php\/wp-json\/wp\/v2\/comments?post=155"}],"version-history":[{"count":3,"href":"http:\/\/www.spgozd.edu.pl\/index.php\/wp-json\/wp\/v2\/pages\/155\/revisions"}],"predecessor-version":[{"id":9253,"href":"http:\/\/www.spgozd.edu.pl\/index.php\/wp-json\/wp\/v2\/pages\/155\/revisions\/9253"}],"wp:attachment":[{"href":"http:\/\/www.spgozd.edu.pl\/index.php\/wp-json\/wp\/v2\/media?parent=155"}],"curies":[{"name":"wp","href":"https:\/\/api.w.org\/{rel}","templated":true}]}}