{"id":2341,"date":"2020-09-26T19:39:25","date_gmt":"2020-09-26T17:39:25","guid":{"rendered":"http:\/\/www.spgozd.edu.pl\/?page_id=2341"},"modified":"2026-03-12T20:47:16","modified_gmt":"2026-03-12T19:47:16","slug":"deklaracja-dostepnosci","status":"publish","type":"page","link":"http:\/\/www.spgozd.edu.pl\/index.php\/deklaracja-dostepnosci\/","title":{"rendered":"Deklaracja dost\u0119pno\u015bci"},"content":{"rendered":"\t\t<div data-elementor-type=\"wp-page\" data-elementor-id=\"2341\" class=\"elementor elementor-2341\">\n\t\t\t\t\t\t<section class=\"elementor-section elementor-top-section elementor-element elementor-element-f582fce elementor-section-boxed elementor-section-height-default elementor-section-height-default\" data-id=\"f582fce\" data-element_type=\"section\" data-e-type=\"section\">\n\t\t\t\t\t\t<div class=\"elementor-container elementor-column-gap-default\">\n\t\t\t\t\t<div class=\"elementor-column elementor-col-100 elementor-top-column elementor-element elementor-element-235444d\" data-id=\"235444d\" data-element_type=\"column\" data-e-type=\"column\">\n\t\t\t<div class=\"elementor-widget-wrap elementor-element-populated\">\n\t\t\t\t\t\t<div class=\"elementor-element elementor-element-5ef4492 elementor-invisible elementor-widget elementor-widget-html\" data-id=\"5ef4492\" data-element_type=\"widget\" data-e-type=\"widget\" data-settings=\"{&quot;_animation&quot;:&quot;fadeInLeft&quot;}\" data-widget_type=\"html.default\">\n\t\t\t\t<div class=\"elementor-widget-container\">\n\t\t\t\t\t<h1>Deklaracja dost\u0119pno\u015bci<\/h1>\n<section id=\"a11y-wstep\"><p><span id=\"a11y-podmiot\"> Zesp\u00f3\u0142 Szk\u00f3\u0142 w Go\u017adzie<\/span> zobowi\u0105zuje si\u0119\nzapewni\u0107 dost\u0119pno\u015b\u0107 swojej <span id=\"a11y-zakres\">strony internetowej<\/span> zgodnie z ustaw\u0105 z dnia 4\nkwietnia 2019 r. o dost\u0119pno\u015bci cyfrowej stron internetowych i aplikacji mobilnych podmiot\u00f3w publicznych.<\/p>\n<p>Deklaracja dost\u0119pno\u015bci dotyczy strony <a href=\" http:\/\/www.spgozd.edu.pl\/\" id=\"a11y-url\">\nhttp:\/\/www.spgozd.edu.pl\/<\/a>.<\/p><\/section>\n<p>Data publikacji strony internetowej: <time id=\"a11y-data-publikacja\" datetime=\"2011-10-19\">19\npa\u017adziernika 2011 r. <\/time>Data ostatniej istotnej aktualizacji: <time id=\"a11y-data-aktualizacja\"\ndatetime=\"2020-09-28\"> 28 wrze\u015bnia 2020 r.<\/time><\/p>\n<h2> Stan dost\u0119pno\u015bci cyfrowej<\/h2>\n<p id=\"a11y-status\">Ta strona internetowa jest cz\u0119\u015bciowo zgodna z za\u0142\u0105cznikiem do ustawy o dost\u0119pno\u015bci\ncyfrowej z dnia 4 kwietnia 2019 r. o dost\u0119pno\u015bci cyfrowej stron internetowych i aplikacji mobilnych podmiot\u00f3w\npublicznych z powodu niezgodno\u015bci wymienionych poni\u017cej.<\/p>\n<h2>Niedost\u0119pne tre\u015bci<\/h2>\n<h3>Niezgodno\u015b\u0107 z za\u0142\u0105cznikiem <\/h3>\n<ul>\n<li><a href=\" http:\/\/www.spgozd.edu.pl\/index.php\/2026\/02\/11\/na-zielonej-lace-bal-karnawalowy\/\">Na\nstronie nie zapewniono alternatywy dla tre\u015bci nietekstowej.<\/a><\/li>\n<li><a href=\" http:\/\/www.spgozd.edu.pl\/index.php\/pedagog-specjalny\/\">Nie zastosowano odpowiednich\nznacznik\u00f3w semantycznych, aby struktura tre\u015bci by\u0142a jasna i logiczna. <\/a><\/li>\n<li>Tre\u015bci spod kursora nie spe\u0142niaj\u0105 trzech g\u0142\u00f3wnych wymaga\u0144.<\/li>\n<li><a href=\" http:\/\/www.spgozd.edu.pl\/index.php\/biblioteka\/\">Na stronie internetowej nie zawarto celu\nlink\u00f3w w kontek\u015bcie. <\/a><\/li>\n<\/ul>\n<h2>Przygotowanie deklaracji dost\u0119pno\u015bci i jej aktualizacja<\/h2>\n<ul>\n<li>Data sporz\u0105dzenia deklaracji: <time id=\"a11y-data-sporzadzenie\" datetime=\"2020-09-26\">26 wrze\u015bnia 2020\nroku.<\/time><\/li>\n<li>Data ostatniego przegl\u0105du deklaracji: <time id=\"a11y-dataprzeglad\" datetime=\"2026-03-11\">11 marca 2026\nroku.<\/time><\/li>\n<\/ul>\n<p>Deklaracj\u0119 sporz\u0105dzili\u015bmy na podstawie badania przeprowadzonego przez CBI24 Sp. z o.o. Wyniki badania\nprzedstawia <a href=\" https:\/\/cbi24.pl\/ds\/streszczenie-czg.pdf \">Streszczenie raportu z audytu (95 kb,\nPDF)<\/a>.<\/p>\n<h2> Informacje zwrotne i dane kontaktowe <\/h2>\n<p>Wszystkie problemy z dost\u0119pno\u015bci\u0105 cyfrow\u0105 tej strony internetowej mo\u017cesz zg\u0142osi\u0107 do <span id=\"a11y-\nkontakt\"> Krystian Go\u0142\u0119biowski<\/span> \u2014 mejlowo <a id=\"a11y-email\"\nhref=\"mailto:sekretariat@spgozd.edu.pl\"> sekretariat@spgozd.edu.pl<\/a> lub telefonicznie <a\nhref=\"tel:+48412548805\" id=\"a11y-telefon\"> 41 2548 805<\/a>.<\/p> <p>Ka\u017cdy ma prawo wyst\u0105pi\u0107 z \u017c\u0105daniem\nzapewnienia dost\u0119pno\u015bci cyfrowej tej strony internetowej lub jej element\u00f3w.<\/p> <p>Zg\u0142aszaj\u0105c takie \u017c\u0105danie\npodaj:<\/p><ul><li>swoje imi\u0119 i nazwisko,<\/li> <li>swoje dane kontaktowe (np. numer telefonu, e-mail),<\/li>\n<li>dok\u0142adny adres strony internetowej, na kt\u00f3rej jest niedost\u0119pny cyfrowo element lub tre\u015b\u0107,<\/li> <li>opis na\nczym polega problem i jaki spos\u00f3b jego rozwi\u0105zania by\u0142by dla Ciebie najwygodniejszy.<\/li><\/ul><p>Na Twoje\nzg\u0142oszenie odpowiemy najszybciej jak to mo\u017cliwe, nie p\u00f3\u017aniej ni\u017c w ci\u0105gu 7 dni od jego otrzymania.<\/p> <p>Je\u017celi\nten termin b\u0119dzie dla nas zbyt kr\u00f3tki poinformujemy Ci\u0119 o tym. W tej informacji podamy nowy termin, do kt\u00f3rego\npoprawimy zg\u0142oszone przez Ciebie b\u0142\u0119dy lub przygotujemy informacje w alternatywny spos\u00f3b. Ten nowy termin\nnie b\u0119dzie d\u0142u\u017cszy ni\u017c 2 miesi\u0105ce.<\/p> <p>Je\u017celi nie b\u0119dziemy w stanie zapewni\u0107 dost\u0119pno\u015bci cyfrowej strony\ninternetowej lub tre\u015bci, wskazanej w Twoim \u017c\u0105daniu, zaproponujemy Ci dost\u0119p do nich w alternatywny\nspos\u00f3b.<\/p>\n<section id=\"a11y-procedura\"><h3> Obs\u0142uga wniosk\u00f3w i skarg zwi\u0105zanych z dost\u0119pno\u015bci\u0105 <\/h3><p>Je\u017celi w\nodpowiedzi na Tw\u00f3j wniosek o zapewnienie dost\u0119pno\u015bci cyfrowej, odm\u00f3wimy zapewnienia \u017c\u0105danej przez\nCiebie dost\u0119pno\u015bci cyfrowej, a Ty nie zgadzasz si\u0119 z t\u0105 odmow\u0105, masz prawo z\u0142o\u017cy\u0107 skarg\u0119.<\/p><p>Skarg\u0119 masz\nprawo z\u0142o\u017cy\u0107 tak\u017ce, je\u015bli nie zgadzasz si\u0119 na skorzystanie z alternatywnego sposobu dost\u0119pu, kt\u00f3ry\nzaproponowali\u015bmy Ci w odpowiedzi na Tw\u00f3j wniosek o zapewnienie dost\u0119pno\u015bci cyfrowej.<\/p><p>Ewentualn\u0105\nskarg\u0119 z\u0142\u00f3\u017c listownie lub mailem do kierownictwa naszego urz\u0119du:<ul><li> Zesp\u00f3\u0142 Szk\u00f3\u0142 w Go\u017adzie,<\/li><li>\nG\u00f3zd 125, 26-140 \u0141\u0105czna,<\/li><li>mejl: <a href=\"mailto:sekretariat@spgozd.edu.pl\">\nsekretariat@spgozd.edu.pl<\/a>.<\/li><\/ul><a href=\"https:\/\/www.gov.pl\/web\/gov\/zloz-wniosek-o-\nzapewnieniedostepnosci-cyfrowej-strony-internetowej-lub-aplikacji-mobilnej\">Pomocne mog\u0105 by\u0107 informacje,\nkt\u00f3re mo\u017cna znale\u017a\u0107 na rz\u0105dowym portalu gov.pl<\/a>.<\/p><p>Mo\u017cesz tak\u017ce poinformowa\u0107 o tej sytuacji <a\nhref=\"https:\/\/bip.brpo.gov.pl\/\"> Rzecznika Praw Obywatelskich<\/a> i poprosi\u0107 o interwencj\u0119 w Twojej\nsprawie.<\/p><\/section>\n<h2>Pozosta\u0142e informacje<\/h2>\n<section id=\"a11y-architektura\">\n<h3>Dost\u0119pno\u015b\u0107 architektoniczna<\/h3>\n<h4> Zesp\u00f3\u0142 Szk\u00f3\u0142 w Go\u017adzie, G\u00f3zd 125, 26-140 \u0141\u0105czna<\/h4>\n<p>Osoby na w\u00f3zku nie mog\u0105 wjecha\u0107 do budynku.<\/p>\n<p>Drzwi i \u015bciany szklane nie s\u0105 oznaczone kontrastow\u0105 ta\u015bm\u0105.<\/p>\n<p>Schody wyposa\u017cone s\u0105 w por\u0119cze.<\/p>\n<p>Stopnie schod\u00f3w nie s\u0105 oznaczone kontrastowymi pasami.<\/p>\n<p>Brak windy.<\/p>\n<p>Brak toalety dla os\u00f3b z niepe\u0142nosprawno\u015bciami.<\/p>\n<p>Brak parkingu dla os\u00f3b z niepe\u0142nosprawno\u015bciami.<\/p>\n<p>Brak tyflomap.<\/p>\n<p>Pomieszczenia w budynku nie s\u0105 oznaczone tabliczkami z wypuk\u0142ymi cyframi i alfabetem brajla.<\/p>\n<p>Brak d\u017awi\u0119kowego systemu nawigacji dla os\u00f3b niewidomych.<\/p>\n<p>Jest mo\u017cliwo\u015b\u0107 wst\u0119pu z psem asystuj\u0105cym.<\/p>\n<\/section>\n<section id=\"a11y-komunikacja\">\n<h3>Dost\u0119pno\u015b\u0107 komunikacyjno-informacyjna<\/h3>\n<p>Brak mo\u017cliwo\u015bci skorzystania z t\u0142umacza j\u0119zyka migowego.<\/p>\n<p>W budynku nie ma p\u0119tli indukcyjnych.<\/p>\n<\/section>\t\t\t\t<\/div>\n\t\t\t\t<\/div>\n\t\t\t\t\t<\/div>\n\t\t<\/div>\n\t\t\t\t\t<\/div>\n\t\t<\/section>\n\t\t\t\t<\/div>\n\t\t","protected":false},"excerpt":{"rendered":"<p>Deklaracja dost\u0119pno\u015bci Zesp\u00f3\u0142 Szk\u00f3\u0142 w Go\u017adzie zobowi\u0105zuje si\u0119 zapewni\u0107 dost\u0119pno\u015b\u0107 swojej strony internetowej zgodnie z ustaw\u0105 z dnia 4 kwietnia<\/p>\n","protected":false},"author":1,"featured_media":0,"parent":0,"menu_order":0,"comment_status":"closed","ping_status":"closed","template":"","meta":{"colormag_page_container_layout":"default_layout","colormag_page_sidebar_layout":"default_layout","footnotes":""},"class_list":["post-2341","page","type-page","status-publish","hentry"],"_links":{"self":[{"href":"http:\/\/www.spgozd.edu.pl\/index.php\/wp-json\/wp\/v2\/pages\/2341","targetHints":{"allow":["GET"]}}],"collection":[{"href":"http:\/\/www.spgozd.edu.pl\/index.php\/wp-json\/wp\/v2\/pages"}],"about":[{"href":"http:\/\/www.spgozd.edu.pl\/index.php\/wp-json\/wp\/v2\/types\/page"}],"author":[{"embeddable":true,"href":"http:\/\/www.spgozd.edu.pl\/index.php\/wp-json\/wp\/v2\/users\/1"}],"replies":[{"embeddable":true,"href":"http:\/\/www.spgozd.edu.pl\/index.php\/wp-json\/wp\/v2\/comments?post=2341"}],"version-history":[{"count":31,"href":"http:\/\/www.spgozd.edu.pl\/index.php\/wp-json\/wp\/v2\/pages\/2341\/revisions"}],"predecessor-version":[{"id":10913,"href":"http:\/\/www.spgozd.edu.pl\/index.php\/wp-json\/wp\/v2\/pages\/2341\/revisions\/10913"}],"wp:attachment":[{"href":"http:\/\/www.spgozd.edu.pl\/index.php\/wp-json\/wp\/v2\/media?parent=2341"}],"curies":[{"name":"wp","href":"https:\/\/api.w.org\/{rel}","templated":true}]}}