{"id":3401,"date":"2021-10-26T17:16:12","date_gmt":"2021-10-26T15:16:12","guid":{"rendered":"http:\/\/www.spgozd.edu.pl\/?page_id=3401"},"modified":"2025-09-15T23:49:59","modified_gmt":"2025-09-15T21:49:59","slug":"egzamin-osmoklasisty-2","status":"publish","type":"page","link":"http:\/\/www.spgozd.edu.pl\/index.php\/egzamin-osmoklasisty-2\/","title":{"rendered":"Egzamin \u00d3smoklasisty"},"content":{"rendered":"\t\t<div data-elementor-type=\"wp-page\" data-elementor-id=\"3401\" class=\"elementor elementor-3401\">\n\t\t\t\t\t\t<section class=\"elementor-section elementor-top-section elementor-element elementor-element-4bf68cf elementor-section-boxed elementor-section-height-default elementor-section-height-default\" data-id=\"4bf68cf\" data-element_type=\"section\" data-e-type=\"section\">\n\t\t\t\t\t\t<div class=\"elementor-container elementor-column-gap-default\">\n\t\t\t\t\t<div class=\"elementor-column elementor-col-100 elementor-top-column elementor-element elementor-element-e976f1b\" data-id=\"e976f1b\" data-element_type=\"column\" data-e-type=\"column\">\n\t\t\t<div class=\"elementor-widget-wrap elementor-element-populated\">\n\t\t\t\t\t\t<div class=\"elementor-element elementor-element-11c5891 elementor-invisible elementor-widget elementor-widget-text-editor\" data-id=\"11c5891\" data-element_type=\"widget\" data-e-type=\"widget\" data-settings=\"{&quot;_animation&quot;:&quot;fadeInLeft&quot;}\" data-widget_type=\"text-editor.default\">\n\t\t\t\t<div class=\"elementor-widget-container\">\n\t\t\t\t\t\t\t\t\t<h2 style=\"text-align: center;\">Harmonogram Egzaminu \u00d3smoklasisty 2025\/2026<\/h2><p>W szko\u0142ach, w kt\u00f3rych nauka ko\u0144czy si\u0119 w semestrze wiosennym dok\u0142adne daty egzamin\u00f3w w terminie g\u0142\u00f3wnym zaplanowano nast\u0119puj\u0105co:<\/p><ul><li><strong>11 maja 2026 r.<\/strong> (poniedzia\u0142ek) o godzinie 9:00 \u2013 egzamin z j\u0119zyka polskiego,<\/li><\/ul><ul><li><strong>12 maja 2026 r.<\/strong> (wtorek) o godzinie 9:00 \u2013 egzamin z matematyki,<\/li><\/ul><ul><li><strong>13 maja 2026 r.<\/strong> (\u015broda) o godzinie 9:00 \u2013 egzamin z j\u0119zyka obcego nowo\u017cytnego.<\/li><\/ul><p>Terminy dodatkowe egzaminu \u00f3smoklasisty:<\/p><ul><li><strong>8 czerwca 2026 r.<\/strong> (poniedzia\u0142ek o godzinie 9:00 \u2013 egzamin z j\u0119zyka polskiego,<\/li><\/ul><ul><li><strong>9 czerwca 2026 r.<\/strong> (wtorek) o godzinie 9:00 \u2013 egzamin z matematyki,<\/li><\/ul><ul><li><strong>10 czerwca 2026 r.<\/strong> (\u015broda) o godzinie 9:00 \u2013 egzamin z j\u0119zyka obcego nowo\u017cytnego.<\/li><\/ul><p>\u00d3smoklasi\u015bci podchodz\u0105cy do egzaminu w maju oraz w czerwcu poznaj\u0105 wyniki swoich prac<br \/>3 lipca 2026 r<\/p><p>Wi\u0119cej informacji:<br \/><a title=\"Otwiera osobny link\" href=\"https:\/\/cke.gov.pl\/egzamin-osmoklasisty\/harmonogram-komunikaty-i-informacje\/\" target=\"_blank\" rel=\"noopener\">O egzaminie \u00f3smoklasisty<\/a><br \/><a title=\"Otwiera osobny link\" href=\"https:\/\/cke.gov.pl\/egzamin-osmoklasisty\/informatory\/\" target=\"_blank\" rel=\"noopener\">O egzaminie \u00f3smoklasisty &#8211; Stycze\u0144 2025<\/a><\/p>\t\t\t\t\t\t\t\t<\/div>\n\t\t\t\t<\/div>\n\t\t\t\t\t<\/div>\n\t\t<\/div>\n\t\t\t\t\t<\/div>\n\t\t<\/section>\n\t\t\t\t<\/div>\n\t\t","protected":false},"excerpt":{"rendered":"<p>Harmonogram Egzaminu \u00d3smoklasisty 2025\/2026 W szko\u0142ach, w kt\u00f3rych nauka ko\u0144czy si\u0119 w semestrze wiosennym dok\u0142adne daty egzamin\u00f3w w terminie g\u0142\u00f3wnym<\/p>\n","protected":false},"author":1,"featured_media":0,"parent":0,"menu_order":0,"comment_status":"closed","ping_status":"closed","template":"","meta":{"colormag_page_container_layout":"default_layout","colormag_page_sidebar_layout":"default_layout","footnotes":""},"class_list":["post-3401","page","type-page","status-publish","hentry"],"_links":{"self":[{"href":"http:\/\/www.spgozd.edu.pl\/index.php\/wp-json\/wp\/v2\/pages\/3401","targetHints":{"allow":["GET"]}}],"collection":[{"href":"http:\/\/www.spgozd.edu.pl\/index.php\/wp-json\/wp\/v2\/pages"}],"about":[{"href":"http:\/\/www.spgozd.edu.pl\/index.php\/wp-json\/wp\/v2\/types\/page"}],"author":[{"embeddable":true,"href":"http:\/\/www.spgozd.edu.pl\/index.php\/wp-json\/wp\/v2\/users\/1"}],"replies":[{"embeddable":true,"href":"http:\/\/www.spgozd.edu.pl\/index.php\/wp-json\/wp\/v2\/comments?post=3401"}],"version-history":[{"count":31,"href":"http:\/\/www.spgozd.edu.pl\/index.php\/wp-json\/wp\/v2\/pages\/3401\/revisions"}],"predecessor-version":[{"id":9644,"href":"http:\/\/www.spgozd.edu.pl\/index.php\/wp-json\/wp\/v2\/pages\/3401\/revisions\/9644"}],"wp:attachment":[{"href":"http:\/\/www.spgozd.edu.pl\/index.php\/wp-json\/wp\/v2\/media?parent=3401"}],"curies":[{"name":"wp","href":"https:\/\/api.w.org\/{rel}","templated":true}]}}