{"id":4356,"date":"2022-09-29T19:38:31","date_gmt":"2022-09-29T17:38:31","guid":{"rendered":"http:\/\/www.spgozd.edu.pl\/?page_id=4356"},"modified":"2025-04-14T21:39:07","modified_gmt":"2025-04-14T19:39:07","slug":"edukacyjna-siec-antysmogowa","status":"publish","type":"page","link":"http:\/\/www.spgozd.edu.pl\/index.php\/edukacyjna-siec-antysmogowa\/","title":{"rendered":"Edukacyjna Sie\u0107 Antysmogowa"},"content":{"rendered":"\t\t<div data-elementor-type=\"wp-page\" data-elementor-id=\"4356\" class=\"elementor elementor-4356\">\n\t\t\t\t\t\t<section class=\"elementor-section elementor-top-section elementor-element elementor-element-7f2a6fb elementor-section-boxed elementor-section-height-default elementor-section-height-default\" data-id=\"7f2a6fb\" data-element_type=\"section\" data-e-type=\"section\">\n\t\t\t\t\t\t<div class=\"elementor-container elementor-column-gap-default\">\n\t\t\t\t\t<div class=\"elementor-column elementor-col-100 elementor-top-column elementor-element elementor-element-94cec39\" data-id=\"94cec39\" data-element_type=\"column\" data-e-type=\"column\">\n\t\t\t<div class=\"elementor-widget-wrap elementor-element-populated\">\n\t\t\t\t\t\t<div class=\"elementor-element elementor-element-88aa0d4 elementor-invisible elementor-widget elementor-widget-text-editor\" data-id=\"88aa0d4\" data-element_type=\"widget\" data-e-type=\"widget\" data-settings=\"{&quot;_animation&quot;:&quot;fadeInLeft&quot;}\" data-widget_type=\"text-editor.default\">\n\t\t\t\t<div class=\"elementor-widget-container\">\n\t\t\t\t\t\t\t\t\t<h2 style=\"text-align: center;\">Edukacyjna Sie\u0107 Antysmogowa<\/h2><p>Nasza szko\u0142a bierze udzia\u0142 w projekcie realizowanym przez Naukow\u0105 i Akademick\u0105 Sieci\u0105 Komputerow\u0105 NASK \u201eEdukacyjna Sie\u0107 Antysmogowa\u201d.<\/p><p>Realizacja tego projektu ma s\u0142u\u017cy\u0107 zwi\u0119kszeniu \u015bwiadomo\u015bci uczni\u00f3w, ich rodzic\u00f3w jak i nauczycieli w zakresie ekologii, a zw\u0142aszcza w zakresie problematyki jako\u015bci powietrza jako wsp\u00f3lnego dobra o szczeg\u00f3lnym znaczeniu. Projekt ten polega na realizowaniu m.in.\u00a0 dzia\u0142a\u0144 informacyjno-edukacyjnych w\u00a0zakresie problematyki smogu oraz edukacji ekologicznej dotycz\u0105cej zdrowego stylu \u017cycia czy zachodz\u0105cych\u00a0 zmian klimatu.<\/p><p>W ramach realizacji w\/w projektu na budynku szko\u0142y ju\u017c zosta\u0142 zamieszczony czujnik zewn\u0119trzny mierz\u0105cy wielko\u015bci fizyczne okre\u015blaj\u0105ce poziom zanieczyszczenia powietrza oraz tablica informacyjna LED, na kt\u00f3rej prezentowane s\u0105 wyniku pomiar\u00f3w jako\u015bci powietrza.<\/p><p style=\"text-align: left;\">Wi\u0119cej informacji pod adresem: <a href=\"https:\/\/esa.nask.pl\/\">https:\/\/esa.nask.pl\/<\/a><\/p><p style=\"text-align: center;\"><a href=\"https:\/\/esa.nask.pl\/\"><img fetchpriority=\"high\" decoding=\"async\" class=\"alignnone size-full wp-image-4358\" src=\"http:\/\/www.spgozd.edu.pl\/wp-content\/uploads\/2022\/09\/esa_2022.jpg\" alt=\"\" width=\"600\" height=\"339\" srcset=\"http:\/\/www.spgozd.edu.pl\/wp-content\/uploads\/2022\/09\/esa_2022.jpg 600w, http:\/\/www.spgozd.edu.pl\/wp-content\/uploads\/2022\/09\/esa_2022-300x170.jpg 300w\" sizes=\"(max-width: 600px) 100vw, 600px\" \/><\/a><\/p>\t\t\t\t\t\t\t\t<\/div>\n\t\t\t\t<\/div>\n\t\t\t\t\t<\/div>\n\t\t<\/div>\n\t\t\t\t\t<\/div>\n\t\t<\/section>\n\t\t\t\t<\/div>\n\t\t","protected":false},"excerpt":{"rendered":"<p>Edukacyjna Sie\u0107 Antysmogowa Nasza szko\u0142a bierze udzia\u0142 w projekcie realizowanym przez Naukow\u0105 i Akademick\u0105 Sieci\u0105 Komputerow\u0105 NASK \u201eEdukacyjna Sie\u0107 Antysmogowa\u201d.<\/p>\n","protected":false},"author":1,"featured_media":0,"parent":0,"menu_order":0,"comment_status":"closed","ping_status":"closed","template":"","meta":{"colormag_page_container_layout":"default_layout","colormag_page_sidebar_layout":"default_layout","footnotes":""},"class_list":["post-4356","page","type-page","status-publish","hentry"],"_links":{"self":[{"href":"http:\/\/www.spgozd.edu.pl\/index.php\/wp-json\/wp\/v2\/pages\/4356","targetHints":{"allow":["GET"]}}],"collection":[{"href":"http:\/\/www.spgozd.edu.pl\/index.php\/wp-json\/wp\/v2\/pages"}],"about":[{"href":"http:\/\/www.spgozd.edu.pl\/index.php\/wp-json\/wp\/v2\/types\/page"}],"author":[{"embeddable":true,"href":"http:\/\/www.spgozd.edu.pl\/index.php\/wp-json\/wp\/v2\/users\/1"}],"replies":[{"embeddable":true,"href":"http:\/\/www.spgozd.edu.pl\/index.php\/wp-json\/wp\/v2\/comments?post=4356"}],"version-history":[{"count":7,"href":"http:\/\/www.spgozd.edu.pl\/index.php\/wp-json\/wp\/v2\/pages\/4356\/revisions"}],"predecessor-version":[{"id":9205,"href":"http:\/\/www.spgozd.edu.pl\/index.php\/wp-json\/wp\/v2\/pages\/4356\/revisions\/9205"}],"wp:attachment":[{"href":"http:\/\/www.spgozd.edu.pl\/index.php\/wp-json\/wp\/v2\/media?parent=4356"}],"curies":[{"name":"wp","href":"https:\/\/api.w.org\/{rel}","templated":true}]}}