{"id":9269,"date":"2025-04-15T17:45:35","date_gmt":"2025-04-15T15:45:35","guid":{"rendered":"http:\/\/www.spgozd.edu.pl\/?page_id=9269"},"modified":"2026-01-14T16:30:14","modified_gmt":"2026-01-14T15:30:14","slug":"mapa-strony","status":"publish","type":"page","link":"http:\/\/www.spgozd.edu.pl\/index.php\/mapa-strony\/","title":{"rendered":"Mapa strony"},"content":{"rendered":"\t\t<div data-elementor-type=\"wp-page\" data-elementor-id=\"9269\" class=\"elementor elementor-9269\">\n\t\t\t\t\t\t<section class=\"elementor-section elementor-top-section elementor-element elementor-element-7f46423 elementor-section-boxed elementor-section-height-default elementor-section-height-default\" data-id=\"7f46423\" data-element_type=\"section\" data-e-type=\"section\">\n\t\t\t\t\t\t<div class=\"elementor-container elementor-column-gap-default\">\n\t\t\t\t\t<div class=\"elementor-column elementor-col-100 elementor-top-column elementor-element elementor-element-4370e37\" data-id=\"4370e37\" data-element_type=\"column\" data-e-type=\"column\">\n\t\t\t<div class=\"elementor-widget-wrap elementor-element-populated\">\n\t\t\t\t\t\t<div class=\"elementor-element elementor-element-252a2ba elementor-invisible elementor-widget elementor-widget-text-editor\" data-id=\"252a2ba\" data-element_type=\"widget\" data-e-type=\"widget\" data-settings=\"{&quot;_animation&quot;:&quot;fadeInLeft&quot;}\" data-widget_type=\"text-editor.default\">\n\t\t\t\t<div class=\"elementor-widget-container\">\n\t\t\t\t\t\t\t\t\t<h2 style=\"font-size: 25px;\">Mapa strony<\/h2><h3 style=\"font-size: 18px;\">Menu g\u00f3rne<\/h3><ul><li><a role=\"link\" href=\"http:\/\/www.spgozd.edu.pl\/index.php\/klauzula-informacyjna-rodo\/\">Klauzula informacyjna RODO<\/a><\/li><li><a role=\"link\" href=\"http:\/\/www.spgozd.edu.pl\/index.php\/deklaracja-dostepnosci\/\">Deklaracja dost\u0119pno\u015bci<\/a><\/li><li><a role=\"link\" href=\"http:\/\/www.spgozd.edu.pl\/index.php\/kontakt\/\">Kontakt<\/a><\/li><\/ul><h3 style=\"font-size: 18px;\">Menu g\u0142\u00f3wne<\/h3><ul><li><a role=\"link\" href=\"http:\/\/www.spgozd.edu.pl\/index.php\/category\/szkola\/\">Szko\u0142a<\/a><ul><li><a role=\"link\" href=\"http:\/\/www.spgozd.edu.pl\/index.php\/dokumenty\/\">Dokument<\/a><\/li><li><a role=\"link\" href=\"http:\/\/www.spgozd.edu.pl\/index.php\/patron\/\">Patron<\/a><\/li><li><a role=\"link\" href=\"http:\/\/www.spgozd.edu.pl\/index.php\/kadra-pedagogiczna\/\">Kadra pedagogiczna<\/a><\/li><li><a role=\"link\" href=\"http:\/\/www.spgozd.edu.pl\/index.php\/rada-rodzicow-szkola\/\">Rada Rodzic\u00f3w<\/a><\/li><li><a role=\"link\" href=\"http:\/\/www.spgozd.edu.pl\/index.php\/biblioteka\/\">Biblioteka<\/a><\/li><li><a role=\"link\" href=\"http:\/\/www.spgozd.edu.pl\/index.php\/pedagog\/\">Pedagog szkolny<\/a><\/li><li><a role=\"link\" href=\"http:\/\/www.spgozd.edu.pl\/index.php\/pedagog-specjalny\/\">Pedagog specjalny<\/a><\/li><li><a role=\"link\" href=\"http:\/\/www.spgozd.edu.pl\/index.php\/psycholog\/\">Psycholog<\/a><\/li><li><a role=\"link\" href=\"http:\/\/www.spgozd.edu.pl\/index.php\/samorzad-uczniowski\/\">Samorz\u0105d uczniowski<\/a><\/li><li><a role=\"link\" href=\"http:\/\/www.spgozd.edu.pl\/index.php\/standardy-ochrony-maloletnich\/\">Standardy Ochrony ma\u0142oletnich<\/a><\/li><li><a role=\"link\" href=\"http:\/\/www.spgozd.edu.pl\/index.php\/egzamin-osmoklasisty-2\/\">Egzamin \u00d3smoklasisty<\/a><\/li><li><a role=\"link\" href=\"http:\/\/www.spgozd.edu.pl\/index.php\/2022\/04\/14\/procedury-bezpieczenstwa-szkoly\/\">Procedury<\/a><\/li><\/ul><\/li><li><a role=\"link\" href=\"http:\/\/www.spgozd.edu.pl\/index.php\/category\/przedszkole\/\">Przedszkole<\/a><ul><li><a title=\"Otwiera plik PDF zawieraj\u0105cy Statut Przedszkola\" role=\"link\" href=\"http:\/\/www.spgozd.edu.pl\/wp-content\/uploads\/2024\/09\/Statut-Przedszkola-IX-2024.pdf\">Statut<\/a><\/li><li><a role=\"link\" href=\"http:\/\/www.spgozd.edu.pl\/index.php\/rada-rodzicow-przedszkole\/\">Rada Rodzic\u00f3w<\/a><\/li><li><a role=\"link\" href=\"http:\/\/www.spgozd.edu.pl\/index.php\/2022\/04\/14\/procedury-bezpieczenstwa-w-przedszkolu-2\/\">Procedury<\/a><\/li><li><a role=\"link\" href=\"http:\/\/www.spgozd.edu.pl\/index.php\/przedszkole-standardy-ochrony-maloletnich\/\">Standardy Ochrony Ma\u0142oletnich<\/a><\/li><\/ul><\/li><li><a role=\"link\" href=\"http:\/\/www.spgozd.edu.pl\/index.php\/galeria-2025-2026\/\">Galeria<\/a>\u00a0<ul><li><a role=\"link\" href=\"http:\/\/www.spgozd.edu.pl\/index.php\/galeria-2025-2026\/\">Galeria 2025\/2026<\/a><\/li><li><a role=\"link\" href=\"http:\/\/www.spgozd.edu.pl\/index.php\/galeria-2024-2025\/\">Galeria 2024\/2025<\/a><\/li><li><a role=\"link\" href=\"http:\/\/www.spgozd.edu.pl\/index.php\/galeria-2023-2024\/\">Galeria 2023\/2024<\/a><\/li><li><a role=\"link\" href=\"http:\/\/www.spgozd.edu.pl\/index.php\/galeria-2022-2023\/\">Galeria 2022\/2023<\/a><\/li><li><a role=\"link\" href=\"http:\/\/www.spgozd.edu.pl\/index.php\/galeria-2021-2022\/\">Galeria 2021\/2022<\/a><\/li><li><a role=\"link\" href=\"http:\/\/www.spgozd.edu.pl\/index.php\/galeria-2020-2021\/\">Galeria 2020\/2021<\/a><\/li><li><a role=\"link\" href=\"http:\/\/www.spgozd.edu.pl\/index.php\/galeria-2019-2020\/\">Galeria 2019\/2020<\/a><\/li><li><a role=\"link\" href=\"http:\/\/www.spgozd.edu.pl\/index.php\/galeria-2018-2019\/\">Galeria 2018\/2019<\/a><\/li><\/ul><\/li><li><a role=\"link\" href=\"http:\/\/www.spgozd.edu.pl\/index.php\/do-pobrania\/\">Do pobrania<\/a><\/li><li><a role=\"link\" href=\"http:\/\/www.spgozd.edu.pl\/index.php\/plan-lekcji-2\/\">Plan lekcji<\/a><\/li><li><a role=\"link\" href=\"https:\/\/uonetplus.vulcan.net.pl\/gminalaczna\">Dziennik elektroniczny<\/a><\/li><\/ul><h3 style=\"font-size: 18px;\">Kategorie<\/h3><ul><li><a role=\"link\" href=\"http:\/\/www.spgozd.edu.pl\/index.php\/category\/przedszkole\/\">Przedszkole<\/a><\/li><li><a role=\"link\" href=\"http:\/\/www.spgozd.edu.pl\/index.php\/category\/szkola\/\">Szko\u0142a<\/a><\/li><\/ul><h3 style=\"font-size: 18px;\">Szko\u0142a-projekty<\/h3><ul><li><a role=\"link\" href=\"http:\/\/www.spgozd.edu.pl\/index.php\/projekt-8-3-3\/\">Projekt 8.3.3<\/a><\/li><li><a role=\"link\" href=\"http:\/\/www.spgozd.edu.pl\/index.php\/laboratoria-przyszlosci\/\">Laboratoria<br \/>Przysz\u0142o\u015bci<\/a><\/li><li><a role=\"link\" href=\"http:\/\/www.spgozd.edu.pl\/index.php\/edukacyjna-siec-antysmogowa\/\">Edukacyjna Sie\u0107<br \/>Antysmogowa<\/a><\/li><\/ul><h3 style=\"font-size: 18px;\">Biuletyn Informacji Publicznej<\/h3><ul><li><a role=\"link\" href=\"https:\/\/zsgozd.szkolnybip.pl\/index.php\">Biuletyn Informacji Publicznej<\/a><\/li><\/ul><h3 style=\"font-size: 18px;\">Archiwum<\/h3><div class=\"wsp-container\"><ul class=\"wsp-archives-list\">\n\t<li><a href='http:\/\/www.spgozd.edu.pl\/index.php\/2026\/04\/'>kwiecie\u0144 2026<\/a><\/li>\n\t<li><a href='http:\/\/www.spgozd.edu.pl\/index.php\/2026\/03\/'>marzec 2026<\/a><\/li>\n\t<li><a href='http:\/\/www.spgozd.edu.pl\/index.php\/2026\/02\/'>luty 2026<\/a><\/li>\n\t<li><a href='http:\/\/www.spgozd.edu.pl\/index.php\/2026\/01\/'>stycze\u0144 2026<\/a><\/li>\n\t<li><a href='http:\/\/www.spgozd.edu.pl\/index.php\/2025\/12\/'>grudzie\u0144 2025<\/a><\/li>\n\t<li><a href='http:\/\/www.spgozd.edu.pl\/index.php\/2025\/11\/'>listopad 2025<\/a><\/li>\n\t<li><a href='http:\/\/www.spgozd.edu.pl\/index.php\/2025\/10\/'>pa\u017adziernik 2025<\/a><\/li>\n\t<li><a href='http:\/\/www.spgozd.edu.pl\/index.php\/2025\/09\/'>wrzesie\u0144 2025<\/a><\/li>\n\t<li><a href='http:\/\/www.spgozd.edu.pl\/index.php\/2025\/08\/'>sierpie\u0144 2025<\/a><\/li>\n\t<li><a href='http:\/\/www.spgozd.edu.pl\/index.php\/2025\/07\/'>lipiec 2025<\/a><\/li>\n\t<li><a href='http:\/\/www.spgozd.edu.pl\/index.php\/2025\/06\/'>czerwiec 2025<\/a><\/li>\n\t<li><a href='http:\/\/www.spgozd.edu.pl\/index.php\/2025\/05\/'>maj 2025<\/a><\/li>\n\t<li><a href='http:\/\/www.spgozd.edu.pl\/index.php\/2025\/04\/'>kwiecie\u0144 2025<\/a><\/li>\n\t<li><a href='http:\/\/www.spgozd.edu.pl\/index.php\/2025\/03\/'>marzec 2025<\/a><\/li>\n\t<li><a href='http:\/\/www.spgozd.edu.pl\/index.php\/2025\/02\/'>luty 2025<\/a><\/li>\n\t<li><a href='http:\/\/www.spgozd.edu.pl\/index.php\/2025\/01\/'>stycze\u0144 2025<\/a><\/li>\n\t<li><a href='http:\/\/www.spgozd.edu.pl\/index.php\/2024\/12\/'>grudzie\u0144 2024<\/a><\/li>\n\t<li><a href='http:\/\/www.spgozd.edu.pl\/index.php\/2024\/11\/'>listopad 2024<\/a><\/li>\n\t<li><a href='http:\/\/www.spgozd.edu.pl\/index.php\/2024\/10\/'>pa\u017adziernik 2024<\/a><\/li>\n\t<li><a href='http:\/\/www.spgozd.edu.pl\/index.php\/2024\/09\/'>wrzesie\u0144 2024<\/a><\/li>\n\t<li><a href='http:\/\/www.spgozd.edu.pl\/index.php\/2024\/08\/'>sierpie\u0144 2024<\/a><\/li>\n\t<li><a href='http:\/\/www.spgozd.edu.pl\/index.php\/2024\/07\/'>lipiec 2024<\/a><\/li>\n\t<li><a href='http:\/\/www.spgozd.edu.pl\/index.php\/2024\/06\/'>czerwiec 2024<\/a><\/li>\n\t<li><a href='http:\/\/www.spgozd.edu.pl\/index.php\/2024\/05\/'>maj 2024<\/a><\/li>\n\t<li><a href='http:\/\/www.spgozd.edu.pl\/index.php\/2024\/04\/'>kwiecie\u0144 2024<\/a><\/li>\n\t<li><a href='http:\/\/www.spgozd.edu.pl\/index.php\/2024\/03\/'>marzec 2024<\/a><\/li>\n\t<li><a href='http:\/\/www.spgozd.edu.pl\/index.php\/2024\/02\/'>luty 2024<\/a><\/li>\n\t<li><a href='http:\/\/www.spgozd.edu.pl\/index.php\/2024\/01\/'>stycze\u0144 2024<\/a><\/li>\n\t<li><a href='http:\/\/www.spgozd.edu.pl\/index.php\/2023\/12\/'>grudzie\u0144 2023<\/a><\/li>\n\t<li><a href='http:\/\/www.spgozd.edu.pl\/index.php\/2023\/11\/'>listopad 2023<\/a><\/li>\n\t<li><a href='http:\/\/www.spgozd.edu.pl\/index.php\/2023\/10\/'>pa\u017adziernik 2023<\/a><\/li>\n\t<li><a href='http:\/\/www.spgozd.edu.pl\/index.php\/2023\/09\/'>wrzesie\u0144 2023<\/a><\/li>\n\t<li><a href='http:\/\/www.spgozd.edu.pl\/index.php\/2023\/08\/'>sierpie\u0144 2023<\/a><\/li>\n\t<li><a href='http:\/\/www.spgozd.edu.pl\/index.php\/2023\/07\/'>lipiec 2023<\/a><\/li>\n\t<li><a href='http:\/\/www.spgozd.edu.pl\/index.php\/2023\/06\/'>czerwiec 2023<\/a><\/li>\n\t<li><a href='http:\/\/www.spgozd.edu.pl\/index.php\/2023\/05\/'>maj 2023<\/a><\/li>\n\t<li><a href='http:\/\/www.spgozd.edu.pl\/index.php\/2023\/04\/'>kwiecie\u0144 2023<\/a><\/li>\n\t<li><a href='http:\/\/www.spgozd.edu.pl\/index.php\/2023\/03\/'>marzec 2023<\/a><\/li>\n\t<li><a href='http:\/\/www.spgozd.edu.pl\/index.php\/2023\/02\/'>luty 2023<\/a><\/li>\n\t<li><a href='http:\/\/www.spgozd.edu.pl\/index.php\/2023\/01\/'>stycze\u0144 2023<\/a><\/li>\n\t<li><a href='http:\/\/www.spgozd.edu.pl\/index.php\/2022\/12\/'>grudzie\u0144 2022<\/a><\/li>\n\t<li><a href='http:\/\/www.spgozd.edu.pl\/index.php\/2022\/11\/'>listopad 2022<\/a><\/li>\n\t<li><a href='http:\/\/www.spgozd.edu.pl\/index.php\/2022\/10\/'>pa\u017adziernik 2022<\/a><\/li>\n\t<li><a href='http:\/\/www.spgozd.edu.pl\/index.php\/2022\/09\/'>wrzesie\u0144 2022<\/a><\/li>\n\t<li><a href='http:\/\/www.spgozd.edu.pl\/index.php\/2022\/08\/'>sierpie\u0144 2022<\/a><\/li>\n\t<li><a href='http:\/\/www.spgozd.edu.pl\/index.php\/2022\/06\/'>czerwiec 2022<\/a><\/li>\n\t<li><a href='http:\/\/www.spgozd.edu.pl\/index.php\/2022\/05\/'>maj 2022<\/a><\/li>\n\t<li><a href='http:\/\/www.spgozd.edu.pl\/index.php\/2022\/04\/'>kwiecie\u0144 2022<\/a><\/li>\n\t<li><a href='http:\/\/www.spgozd.edu.pl\/index.php\/2022\/03\/'>marzec 2022<\/a><\/li>\n\t<li><a href='http:\/\/www.spgozd.edu.pl\/index.php\/2022\/02\/'>luty 2022<\/a><\/li>\n\t<li><a href='http:\/\/www.spgozd.edu.pl\/index.php\/2022\/01\/'>stycze\u0144 2022<\/a><\/li>\n\t<li><a href='http:\/\/www.spgozd.edu.pl\/index.php\/2021\/12\/'>grudzie\u0144 2021<\/a><\/li>\n\t<li><a href='http:\/\/www.spgozd.edu.pl\/index.php\/2021\/11\/'>listopad 2021<\/a><\/li>\n\t<li><a href='http:\/\/www.spgozd.edu.pl\/index.php\/2021\/10\/'>pa\u017adziernik 2021<\/a><\/li>\n\t<li><a href='http:\/\/www.spgozd.edu.pl\/index.php\/2021\/09\/'>wrzesie\u0144 2021<\/a><\/li>\n\t<li><a href='http:\/\/www.spgozd.edu.pl\/index.php\/2021\/08\/'>sierpie\u0144 2021<\/a><\/li>\n\t<li><a href='http:\/\/www.spgozd.edu.pl\/index.php\/2021\/06\/'>czerwiec 2021<\/a><\/li>\n\t<li><a href='http:\/\/www.spgozd.edu.pl\/index.php\/2021\/05\/'>maj 2021<\/a><\/li>\n\t<li><a href='http:\/\/www.spgozd.edu.pl\/index.php\/2021\/04\/'>kwiecie\u0144 2021<\/a><\/li>\n\t<li><a href='http:\/\/www.spgozd.edu.pl\/index.php\/2021\/03\/'>marzec 2021<\/a><\/li>\n\t<li><a href='http:\/\/www.spgozd.edu.pl\/index.php\/2021\/02\/'>luty 2021<\/a><\/li>\n\t<li><a href='http:\/\/www.spgozd.edu.pl\/index.php\/2021\/01\/'>stycze\u0144 2021<\/a><\/li>\n\t<li><a href='http:\/\/www.spgozd.edu.pl\/index.php\/2020\/12\/'>grudzie\u0144 2020<\/a><\/li>\n\t<li><a href='http:\/\/www.spgozd.edu.pl\/index.php\/2020\/11\/'>listopad 2020<\/a><\/li>\n\t<li><a href='http:\/\/www.spgozd.edu.pl\/index.php\/2020\/10\/'>pa\u017adziernik 2020<\/a><\/li>\n\t<li><a href='http:\/\/www.spgozd.edu.pl\/index.php\/2020\/09\/'>wrzesie\u0144 2020<\/a><\/li>\n\t<li><a href='http:\/\/www.spgozd.edu.pl\/index.php\/2020\/08\/'>sierpie\u0144 2020<\/a><\/li>\n\t<li><a href='http:\/\/www.spgozd.edu.pl\/index.php\/2020\/06\/'>czerwiec 2020<\/a><\/li>\n\t<li><a href='http:\/\/www.spgozd.edu.pl\/index.php\/2020\/05\/'>maj 2020<\/a><\/li>\n\t<li><a href='http:\/\/www.spgozd.edu.pl\/index.php\/2020\/04\/'>kwiecie\u0144 2020<\/a><\/li>\n\t<li><a href='http:\/\/www.spgozd.edu.pl\/index.php\/2020\/03\/'>marzec 2020<\/a><\/li>\n\t<li><a href='http:\/\/www.spgozd.edu.pl\/index.php\/2020\/02\/'>luty 2020<\/a><\/li>\n\t<li><a href='http:\/\/www.spgozd.edu.pl\/index.php\/2020\/01\/'>stycze\u0144 2020<\/a><\/li>\n\t<li><a href='http:\/\/www.spgozd.edu.pl\/index.php\/2019\/12\/'>grudzie\u0144 2019<\/a><\/li>\n\t<li><a href='http:\/\/www.spgozd.edu.pl\/index.php\/2019\/11\/'>listopad 2019<\/a><\/li>\n\t<li><a href='http:\/\/www.spgozd.edu.pl\/index.php\/2019\/10\/'>pa\u017adziernik 2019<\/a><\/li>\n\t<li><a href='http:\/\/www.spgozd.edu.pl\/index.php\/2019\/09\/'>wrzesie\u0144 2019<\/a><\/li>\n\t<li><a href='http:\/\/www.spgozd.edu.pl\/index.php\/2019\/08\/'>sierpie\u0144 2019<\/a><\/li>\n\t<li><a href='http:\/\/www.spgozd.edu.pl\/index.php\/2019\/07\/'>lipiec 2019<\/a><\/li>\n\t<li><a href='http:\/\/www.spgozd.edu.pl\/index.php\/2019\/06\/'>czerwiec 2019<\/a><\/li>\n\t<li><a href='http:\/\/www.spgozd.edu.pl\/index.php\/2019\/05\/'>maj 2019<\/a><\/li>\n\t<li><a href='http:\/\/www.spgozd.edu.pl\/index.php\/2019\/04\/'>kwiecie\u0144 2019<\/a><\/li>\n\t<li><a href='http:\/\/www.spgozd.edu.pl\/index.php\/2019\/03\/'>marzec 2019<\/a><\/li>\n\t<li><a href='http:\/\/www.spgozd.edu.pl\/index.php\/2019\/02\/'>luty 2019<\/a><\/li>\n\t<li><a href='http:\/\/www.spgozd.edu.pl\/index.php\/2019\/01\/'>stycze\u0144 2019<\/a><\/li>\n\t<li><a href='http:\/\/www.spgozd.edu.pl\/index.php\/2018\/12\/'>grudzie\u0144 2018<\/a><\/li>\n\t<li><a href='http:\/\/www.spgozd.edu.pl\/index.php\/2018\/11\/'>listopad 2018<\/a><\/li>\n\t<li><a href='http:\/\/www.spgozd.edu.pl\/index.php\/2018\/10\/'>pa\u017adziernik 2018<\/a><\/li>\n\t<li><a href='http:\/\/www.spgozd.edu.pl\/index.php\/2018\/09\/'>wrzesie\u0144 2018<\/a><\/li>\n\t<li><a href='http:\/\/www.spgozd.edu.pl\/index.php\/2018\/08\/'>sierpie\u0144 2018<\/a><\/li>\n<\/ul>\n<\/div>\t\t\t\t\t\t\t\t<\/div>\n\t\t\t\t<\/div>\n\t\t\t\t\t<\/div>\n\t\t<\/div>\n\t\t\t\t\t<\/div>\n\t\t<\/section>\n\t\t\t\t<\/div>\n\t\t","protected":false},"excerpt":{"rendered":"<p>Mapa strony Menu g\u00f3rne Klauzula informacyjna RODO Deklaracja dost\u0119pno\u015bci Kontakt Menu g\u0142\u00f3wne Szko\u0142a Dokument Patron Kadra pedagogiczna Rada Rodzic\u00f3w Biblioteka<\/p>\n","protected":false},"author":1,"featured_media":0,"parent":0,"menu_order":0,"comment_status":"closed","ping_status":"closed","template":"","meta":{"colormag_page_container_layout":"default_layout","colormag_page_sidebar_layout":"default_layout","footnotes":""},"class_list":["post-9269","page","type-page","status-publish","hentry"],"_links":{"self":[{"href":"http:\/\/www.spgozd.edu.pl\/index.php\/wp-json\/wp\/v2\/pages\/9269","targetHints":{"allow":["GET"]}}],"collection":[{"href":"http:\/\/www.spgozd.edu.pl\/index.php\/wp-json\/wp\/v2\/pages"}],"about":[{"href":"http:\/\/www.spgozd.edu.pl\/index.php\/wp-json\/wp\/v2\/types\/page"}],"author":[{"embeddable":true,"href":"http:\/\/www.spgozd.edu.pl\/index.php\/wp-json\/wp\/v2\/users\/1"}],"replies":[{"embeddable":true,"href":"http:\/\/www.spgozd.edu.pl\/index.php\/wp-json\/wp\/v2\/comments?post=9269"}],"version-history":[{"count":43,"href":"http:\/\/www.spgozd.edu.pl\/index.php\/wp-json\/wp\/v2\/pages\/9269\/revisions"}],"predecessor-version":[{"id":10378,"href":"http:\/\/www.spgozd.edu.pl\/index.php\/wp-json\/wp\/v2\/pages\/9269\/revisions\/10378"}],"wp:attachment":[{"href":"http:\/\/www.spgozd.edu.pl\/index.php\/wp-json\/wp\/v2\/media?parent=9269"}],"curies":[{"name":"wp","href":"https:\/\/api.w.org\/{rel}","templated":true}]}}