{"id":9920,"date":"2025-11-01T00:04:16","date_gmt":"2025-10-31T23:04:16","guid":{"rendered":"http:\/\/www.spgozd.edu.pl\/?page_id=9920"},"modified":"2025-11-01T00:25:55","modified_gmt":"2025-10-31T23:25:55","slug":"pedagog-specjalny","status":"publish","type":"page","link":"http:\/\/www.spgozd.edu.pl\/index.php\/pedagog-specjalny\/","title":{"rendered":"Pedagog Specjalny"},"content":{"rendered":"\t\t<div data-elementor-type=\"wp-page\" data-elementor-id=\"9920\" class=\"elementor elementor-9920\">\n\t\t\t\t\t\t<section class=\"elementor-section elementor-top-section elementor-element elementor-element-21e2f70 elementor-section-boxed elementor-section-height-default elementor-section-height-default\" data-id=\"21e2f70\" data-element_type=\"section\" data-e-type=\"section\">\n\t\t\t\t\t\t<div class=\"elementor-container elementor-column-gap-default\">\n\t\t\t\t\t<div class=\"elementor-column elementor-col-100 elementor-top-column elementor-element elementor-element-fc3d117\" data-id=\"fc3d117\" data-element_type=\"column\" data-e-type=\"column\">\n\t\t\t<div class=\"elementor-widget-wrap elementor-element-populated\">\n\t\t\t\t\t\t<div class=\"elementor-element elementor-element-a12844f elementor-invisible elementor-widget elementor-widget-text-editor\" data-id=\"a12844f\" data-element_type=\"widget\" data-e-type=\"widget\" data-settings=\"{&quot;_animation&quot;:&quot;fadeInLeft&quot;}\" data-widget_type=\"text-editor.default\">\n\t\t\t\t<div class=\"elementor-widget-container\">\n\t\t\t\t\t\t\t\t\t<h2 style=\"text-align: center;\">Pedagog specjalny<\/h2><h2 style=\"text-align: center;\">mgr Mariola Wase\u0144czuk<\/h2><p>\u00a0<\/p><table class=\"wp-block-table\"><tbody><tr><td style=\"text-align: right; border: 1px solid white;\"><strong>Poniedzia\u0142ek:<\/strong><\/td><td style=\"border: 1px solid white;\">12:40 &#8211; 14:40<\/td><\/tr><tr><td style=\"text-align: right; border: 1px solid white;\"><strong>Wtorek:<\/strong><\/td><td style=\"border: 1px solid white; text-align: left;\">&#8211;<\/td><\/tr><tr><td style=\"text-align: right; border: 1px solid white;\"><strong>\u015aroda:<\/strong><\/td><td style=\"border: 1px solid white;\">7:30 &#8211; 8:30<\/td><\/tr><tr><td style=\"text-align: right; border: 1px solid white;\">\u00a0<\/td><td style=\"border: 1px solid white;\">11:30 &#8211; 14:00<\/td><\/tr><tr><td style=\"text-align: right; border: 1px solid white;\"><strong>Czwartek:<\/strong><\/td><td style=\"border: 1px solid white;\">8:00 &#8211; 10:30<\/td><\/tr><tr><td style=\"text-align: right; border: 1px solid white;\"><strong>Pi\u0105tek:<\/strong><\/td><td style=\"border: 1px solid white; text-align: left;\">&#8211;<\/td><\/tr><\/tbody><\/table><p>\u00a0<\/p><h6 style=\"text-align: center;\">Drodzy uczniowie!!!!<\/h6><p>Zwracajcie si\u0119 do pedagoga z ka\u017cd\u0105 spraw\u0105, z kt\u00f3r\u0105 sami nie potraficie sobie poradzi\u0107, gdy:<br \/>\u2022 jeste\u015bcie \u017ale traktowani przez r\u00f3wie\u015bnik\u00f3w;<br \/>\u2022 macie problem, kt\u00f3rego nie potraficie rozwi\u0105za\u0107 samodzielnie;<br \/>\u2022 w domu panuje napi\u0119ta atmosfera np. z powodu rozwodu rodzic\u00f3w, \u015bmierci bliskiej osoby;<br \/>\u2022 macie problemy z komunikacj\u0105 z r\u00f3wie\u015bnikami czy nauczycielami.<\/p><h6>Oferuj\u0119 wam pomoc pedagogiczn\u0105 w zakresie rozwi\u0105zywania:<\/h6><p><img fetchpriority=\"high\" decoding=\"async\" class=\"alignnone size-full wp-image-9924\" src=\"http:\/\/www.spgozd.edu.pl\/wp-content\/uploads\/2025\/11\/img.png\" alt=\"\" width=\"768\" height=\"486\" srcset=\"http:\/\/www.spgozd.edu.pl\/wp-content\/uploads\/2025\/11\/img.png 768w, http:\/\/www.spgozd.edu.pl\/wp-content\/uploads\/2025\/11\/img-300x190.png 300w\" sizes=\"(max-width: 768px) 100vw, 768px\" \/><\/p>\t\t\t\t\t\t\t\t<\/div>\n\t\t\t\t<\/div>\n\t\t\t\t\t<\/div>\n\t\t<\/div>\n\t\t\t\t\t<\/div>\n\t\t<\/section>\n\t\t\t\t<\/div>\n\t\t","protected":false},"excerpt":{"rendered":"<p>Pedagog specjalny mgr Mariola Wase\u0144czuk \u00a0 Poniedzia\u0142ek: 12:40 &#8211; 14:40 Wtorek: &#8211; \u015aroda: 7:30 &#8211; 8:30 \u00a0 11:30 &#8211; 14:00<\/p>\n","protected":false},"author":1,"featured_media":0,"parent":0,"menu_order":0,"comment_status":"closed","ping_status":"closed","template":"","meta":{"colormag_page_container_layout":"default_layout","colormag_page_sidebar_layout":"default_layout","footnotes":""},"class_list":["post-9920","page","type-page","status-publish","hentry"],"_links":{"self":[{"href":"http:\/\/www.spgozd.edu.pl\/index.php\/wp-json\/wp\/v2\/pages\/9920","targetHints":{"allow":["GET"]}}],"collection":[{"href":"http:\/\/www.spgozd.edu.pl\/index.php\/wp-json\/wp\/v2\/pages"}],"about":[{"href":"http:\/\/www.spgozd.edu.pl\/index.php\/wp-json\/wp\/v2\/types\/page"}],"author":[{"embeddable":true,"href":"http:\/\/www.spgozd.edu.pl\/index.php\/wp-json\/wp\/v2\/users\/1"}],"replies":[{"embeddable":true,"href":"http:\/\/www.spgozd.edu.pl\/index.php\/wp-json\/wp\/v2\/comments?post=9920"}],"version-history":[{"count":4,"href":"http:\/\/www.spgozd.edu.pl\/index.php\/wp-json\/wp\/v2\/pages\/9920\/revisions"}],"predecessor-version":[{"id":9927,"href":"http:\/\/www.spgozd.edu.pl\/index.php\/wp-json\/wp\/v2\/pages\/9920\/revisions\/9927"}],"wp:attachment":[{"href":"http:\/\/www.spgozd.edu.pl\/index.php\/wp-json\/wp\/v2\/media?parent=9920"}],"curies":[{"name":"wp","href":"https:\/\/api.w.org\/{rel}","templated":true}]}}